{"id":725,"date":"2023-02-07T09:27:07","date_gmt":"2023-02-07T08:27:07","guid":{"rendered":"https:\/\/desidedatum.com\/principios-de-calidad-y-medio-ambiente\/"},"modified":"2026-04-15T07:36:56","modified_gmt":"2026-04-15T06:36:56","slug":"principis-de-qualitat-i-medi-ambient","status":"publish","type":"page","link":"https:\/\/desidedatum.com\/ca\/principis-de-qualitat-i-medi-ambient\/","title":{"rendered":"Principis de qualitat i medi ambient"},"content":{"rendered":"\n<p>A <strong>DesideDatum<\/strong>, la nostra activitat es regeix pels est\u00e0ndards internacionals m\u00e9s exigents. Treballem sota els principis establerts per les normatives <strong>ISO 9001<\/strong> i <strong>ISO 14001<\/strong>, assegurant la millora cont\u00ednua dels nostres processos i un comprom\u00eds ferm amb la protecci\u00f3 del medi ambient.<\/p>\n\n\n\n<p>Creiem en la transpar\u00e8ncia com a base de la nostra gesti\u00f3. Per aquest motiu, posem a la seva disposici\u00f3 tota la documentaci\u00f3 detallada sobre les nostres pol\u00edtiques de qualitat i gesti\u00f3 ambiental en els arxius adjunts a continuaci\u00f3.<\/p>\n\n\n\n<ul class=\"wp-block-list\">\n<li>Guia de qualitat corporativa en base a ISO 9001: <em><strong><a href=\"https:\/\/desidedatum.com\/wp-content\/uploads\/2026\/04\/2026-DDC-GUIA-QUALITAT-OK.pdf\">Fes click aqu\u00ed<\/a><\/strong><\/em><\/li>\n\n\n\n<li>Guia mediambiental corporativa en base a ISO 14001:<strong><em><a href=\"https:\/\/desidedatum.com\/wp-content\/uploads\/2026\/04\/2026-DDC-GUIA-MEDIAMBIENTAL-OK.pdf\">Fes click aqu\u00ed<\/a><\/em><\/strong><\/li>\n<\/ul>\n\n\n\n<p><strong>Marc Garriga Portol\u00e0<\/strong><br>Director General de desideDatum Data Company, s. l.<\/p>\n\n\n\n<p><\/p>\n","protected":false},"excerpt":{"rendered":"<p>A DesideDatum, la nostra activitat es regeix pels est\u00e0ndards internacionals m\u00e9s exigents. Treballem sota els principis establerts per les normatives ISO 9001 i ISO 14001, assegurant la millora cont\u00ednua dels nostres processos i un comprom\u00eds ferm amb la protecci\u00f3 del medi ambient. Creiem en la transpar\u00e8ncia com a base de la nostra gesti\u00f3. Per aquest&nbsp; <a href=\"https:\/\/desidedatum.com\/ca\/principis-de-qualitat-i-medi-ambient\/\">&hellip; Read more <i class=\"glyphicon glyphicon-arrow-right\"><\/i><\/a><\/p>\n","protected":false},"author":1,"featured_media":0,"parent":0,"menu_order":10,"comment_status":"closed","ping_status":"closed","template":"","meta":{"om_disable_all_campaigns":false,"inline_featured_image":false,"_monsterinsights_skip_tracking":false,"_monsterinsights_sitenote_active":false,"_monsterinsights_sitenote_note":"","_monsterinsights_sitenote_category":0,"footnotes":""},"class_list":["post-725","page","type-page","status-publish","hentry"],"acf":[],"aioseo_notices":[],"yoast_head":"<!-- This site is optimized with the Yoast SEO plugin v20.2.1 - https:\/\/yoast.com\/wordpress\/plugins\/seo\/ -->\n<title>Principis de qualitat i medi ambient - DesideDatum<\/title>\n<meta name=\"robots\" content=\"index, follow, max-snippet:-1, max-image-preview:large, max-video-preview:-1\" \/>\n<link rel=\"canonical\" href=\"https:\/\/desidedatum.com\/ca\/principis-de-qualitat-i-medi-ambient\/\" \/>\n<meta property=\"og:locale\" content=\"ca_ES\" \/>\n<meta property=\"og:type\" content=\"article\" \/>\n<meta property=\"og:title\" content=\"Principis de qualitat i medi ambient - DesideDatum\" \/>\n<meta property=\"og:description\" content=\"A DesideDatum, la nostra activitat es regeix pels est\u00e0ndards internacionals m\u00e9s exigents. Treballem sota els principis establerts per les normatives ISO 9001 i ISO 14001, assegurant la millora cont\u00ednua dels nostres processos i un comprom\u00eds ferm amb la protecci\u00f3 del medi ambient. Creiem en la transpar\u00e8ncia com a base de la nostra gesti\u00f3. Per aquest&nbsp; &hellip; Read more\" \/>\n<meta property=\"og:url\" content=\"https:\/\/desidedatum.com\/ca\/principis-de-qualitat-i-medi-ambient\/\" \/>\n<meta property=\"og:site_name\" content=\"DesideDatum\" \/>\n<meta property=\"article:modified_time\" content=\"2026-04-15T06:36:56+00:00\" \/>\n<meta name=\"twitter:card\" content=\"summary_large_image\" \/>\n<meta name=\"twitter:site\" content=\"@desidedatum\" \/>\n<meta name=\"twitter:label1\" content=\"Temps estimat de lectura\" \/>\n\t<meta name=\"twitter:data1\" content=\"1 minut\" \/>\n<script type=\"application\/ld+json\" class=\"yoast-schema-graph\">{\"@context\":\"https:\/\/schema.org\",\"@graph\":[{\"@type\":\"WebPage\",\"@id\":\"https:\/\/desidedatum.com\/ca\/principis-de-qualitat-i-medi-ambient\/\",\"url\":\"https:\/\/desidedatum.com\/ca\/principis-de-qualitat-i-medi-ambient\/\",\"name\":\"Principis de qualitat i medi ambient - DesideDatum\",\"isPartOf\":{\"@id\":\"https:\/\/desidedatum.com\/#website\"},\"datePublished\":\"2023-02-07T08:27:07+00:00\",\"dateModified\":\"2026-04-15T06:36:56+00:00\",\"inLanguage\":\"ca\",\"potentialAction\":[{\"@type\":\"ReadAction\",\"target\":[\"https:\/\/desidedatum.com\/ca\/principis-de-qualitat-i-medi-ambient\/\"]}]},{\"@type\":\"WebSite\",\"@id\":\"https:\/\/desidedatum.com\/#website\",\"url\":\"https:\/\/desidedatum.com\/\",\"name\":\"DesideDatum\",\"description\":\"\",\"potentialAction\":[{\"@type\":\"SearchAction\",\"target\":{\"@type\":\"EntryPoint\",\"urlTemplate\":\"https:\/\/desidedatum.com\/?s={search_term_string}\"},\"query-input\":\"required name=search_term_string\"}],\"inLanguage\":\"ca\"}]}<\/script>\n<!-- \/ Yoast SEO plugin. -->","yoast_head_json":{"title":"Principis de qualitat i medi ambient - DesideDatum","robots":{"index":"index","follow":"follow","max-snippet":"max-snippet:-1","max-image-preview":"max-image-preview:large","max-video-preview":"max-video-preview:-1"},"canonical":"https:\/\/desidedatum.com\/ca\/principis-de-qualitat-i-medi-ambient\/","og_locale":"ca_ES","og_type":"article","og_title":"Principis de qualitat i medi ambient - DesideDatum","og_description":"A DesideDatum, la nostra activitat es regeix pels est\u00e0ndards internacionals m\u00e9s exigents. Treballem sota els principis establerts per les normatives ISO 9001 i ISO 14001, assegurant la millora cont\u00ednua dels nostres processos i un comprom\u00eds ferm amb la protecci\u00f3 del medi ambient. Creiem en la transpar\u00e8ncia com a base de la nostra gesti\u00f3. Per aquest&nbsp; &hellip; Read more","og_url":"https:\/\/desidedatum.com\/ca\/principis-de-qualitat-i-medi-ambient\/","og_site_name":"DesideDatum","article_modified_time":"2026-04-15T06:36:56+00:00","twitter_card":"summary_large_image","twitter_site":"@desidedatum","twitter_misc":{"Temps estimat de lectura":"1 minut"},"schema":{"@context":"https:\/\/schema.org","@graph":[{"@type":"WebPage","@id":"https:\/\/desidedatum.com\/ca\/principis-de-qualitat-i-medi-ambient\/","url":"https:\/\/desidedatum.com\/ca\/principis-de-qualitat-i-medi-ambient\/","name":"Principis de qualitat i medi ambient - DesideDatum","isPartOf":{"@id":"https:\/\/desidedatum.com\/#website"},"datePublished":"2023-02-07T08:27:07+00:00","dateModified":"2026-04-15T06:36:56+00:00","inLanguage":"ca","potentialAction":[{"@type":"ReadAction","target":["https:\/\/desidedatum.com\/ca\/principis-de-qualitat-i-medi-ambient\/"]}]},{"@type":"WebSite","@id":"https:\/\/desidedatum.com\/#website","url":"https:\/\/desidedatum.com\/","name":"DesideDatum","description":"","potentialAction":[{"@type":"SearchAction","target":{"@type":"EntryPoint","urlTemplate":"https:\/\/desidedatum.com\/?s={search_term_string}"},"query-input":"required name=search_term_string"}],"inLanguage":"ca"}]}},"_links":{"self":[{"href":"https:\/\/desidedatum.com\/ca\/wp-json\/wp\/v2\/pages\/725","targetHints":{"allow":["GET"]}}],"collection":[{"href":"https:\/\/desidedatum.com\/ca\/wp-json\/wp\/v2\/pages"}],"about":[{"href":"https:\/\/desidedatum.com\/ca\/wp-json\/wp\/v2\/types\/page"}],"author":[{"embeddable":true,"href":"https:\/\/desidedatum.com\/ca\/wp-json\/wp\/v2\/users\/1"}],"replies":[{"embeddable":true,"href":"https:\/\/desidedatum.com\/ca\/wp-json\/wp\/v2\/comments?post=725"}],"version-history":[{"count":7,"href":"https:\/\/desidedatum.com\/ca\/wp-json\/wp\/v2\/pages\/725\/revisions"}],"predecessor-version":[{"id":2457,"href":"https:\/\/desidedatum.com\/ca\/wp-json\/wp\/v2\/pages\/725\/revisions\/2457"}],"wp:attachment":[{"href":"https:\/\/desidedatum.com\/ca\/wp-json\/wp\/v2\/media?parent=725"}],"curies":[{"name":"wp","href":"https:\/\/api.w.org\/{rel}","templated":true}]}}