{"id":736,"date":"2022-12-05T09:32:11","date_gmt":"2022-12-05T08:32:11","guid":{"rendered":"https:\/\/desidedatum.com\/politica-privacidad-2\/"},"modified":"2025-10-13T14:27:04","modified_gmt":"2025-10-13T13:27:04","slug":"politica-de-privacitat","status":"publish","type":"page","link":"https:\/\/desidedatum.com\/ca\/politica-de-privacitat\/","title":{"rendered":"Av\u00eds legal"},"content":{"rendered":"\n<h2 class=\"wp-block-heading\"><strong>T\u00e9rminos de uso<\/strong><\/h2>\n\n\n\n<p>Los contenidos de la p\u00e1gina web de <strong>DesideDatum Data Company SL<\/strong> han sido elaborados con el prop\u00f3sito de dar informaci\u00f3n sobre la compa\u00f1\u00eda a los usuarios de la misma. Por ello, la informaci\u00f3n relativa a los productos para su comercializaci\u00f3n, as\u00ed como la relativa a \u00e1reas de negocio, financiera, dirigida a accionistas o de cualquier otro tipo tendr\u00e1 car\u00e1cter general y orientativo, estando sujeta a posibles cambios.<\/p>\n\n\n\n<p><strong>DesideDatum Data Company&nbsp;SL<\/strong> advierte que la informaci\u00f3n contenida en esta p\u00e1gina web puede ser incompleta, puede contener errores o estar desfasada, con lo que no asume ninguna responsabilidad derivada de la falta de veracidad y precisi\u00f3n de los datos, dentro de los l\u00edmites establecidos en la Ley.<\/p>\n\n\n\n<p>En cumplimiento de la Ley Org\u00e1nica 15\/1999, de 13 de diciembre, de Protecci\u00f3n de Datos de Car\u00e1cter Personal, le informamos que los datos que nos entregue se incluir\u00e1n en una base de datos informatizada con la finalidad de dar respuesta a su solicitud, gestionar nuestros contactos comerciales y facilitarle informaci\u00f3n de su inter\u00e9s sobre nuestros servicios y productos.<br>DesideDatum Data Company tiene sus ficheros automatizados con datos de Car\u00e1cter Personal legalizados ante la Agencia Espa\u00f1ola de Protecci\u00f3n de Datos e inscritos en el Registro General de Protecci\u00f3n de Datos. Asimismo, cumple las medidas de seguridad establecidas en el reglamento de desarrollo de la LOPD aprobado por el Real Decreto 1720\/2007, de 21 de diciembre.<br>Puede ejercer sus derechos de acceso, rectificaci\u00f3n, oposici\u00f3n y cancelaci\u00f3n, como establece la Ley Org\u00e1nica de Protecci\u00f3n de Datos, mediante correo postal o electr\u00f3nico, indicando como referencia en el sobre o en el asunto del correo electr\u00f3nico \u2018Datos de Car\u00e1cter Personal\u2019, a las siguientes direcciones, respectivamente:<\/p>\n\n\n\n<p><strong>DesideDatum Data Company&nbsp;SL<\/strong> \u2013&nbsp;Passeig del Congost 36, La Garriga (Barcelona), Espa\u00f1a Inscrita en el Registro Mercantil de Barcelona en el tomo 31076, folio 193, hoja B-135870, inscripci\u00f3n 1\u00aa. CIF: B-65836330. info@desidedatum.com<\/p>\n\n\n\n<h2 class=\"wp-block-heading\"><strong>Pol\u00edtica de cookies<\/strong><\/h2>\n\n\n\n<p>Cookie es un fichero que se descarga en su ordenador al acceder a determinadas p\u00e1ginas web. Las cookies permiten a una p\u00e1gina web, entre otras cosas, almacenar y recuperar informaci\u00f3n sobre los h\u00e1bitos de navegaci\u00f3n de un usuario o de su equipo y, dependiendo de la informaci\u00f3n que contengan y de la forma en que utilice su equipo, pueden utilizarse para reconocer al usuario.. El navegador del usuario memoriza cookies en el disco duro solamente durante la sesi\u00f3n actual ocupando un espacio de memoria m\u00ednimo y no perjudicando al ordenador. Las cookies no contienen ninguna clase de informaci\u00f3n personal espec\u00edfica, y la mayor\u00eda de las mismas se borran del disco duro al finalizar la sesi\u00f3n de navegador (las denominadas cookies de sesi\u00f3n).<br>La mayor\u00eda de los navegadores aceptan como est\u00e1ndar a las cookies y, con independencia de las mismas, permiten o impiden en los ajustes de seguridad las cookies temporales o memorizadas.<\/p>\n\n\n\n<p>Sin su expreso consentimiento -mediante la activaci\u00f3n de las cookies en su navegador \u2013&nbsp;<strong>DesideDatum Data Company SL<\/strong> no enlazar\u00e1 en las cookies los datos memorizados con sus datos personales proporcionados en el momento del registro o la compra.<\/p>\n\n\n\n<p>\u00bfQu\u00e9 tipos de cookies utiliza esta p\u00e1gina web?<\/p>\n\n\n\n<p>\u2013 Cookies t\u00e9cnicas: Son aqu\u00e9llas que permiten al usuario la navegaci\u00f3n a trav\u00e9s de una p\u00e1gina web, plataforma o aplicaci\u00f3n y la utilizaci\u00f3n de las diferentes opciones o servicios que en ella existan como, por ejemplo, controlar el tr\u00e1fico y la comunicaci\u00f3n de datos, identificar la sesi\u00f3n, acceder a partes de acceso restringido, recordar los elementos que integran un pedido, realizar el proceso de compra de un pedido, realizar la solicitud de inscripci\u00f3n o participaci\u00f3n en un evento, utilizar elementos de seguridad durante la navegaci\u00f3n, almacenar contenidos para la difusi\u00f3n de videos o sonido o compartir contenidos a trav\u00e9s de redes sociales.<\/p>\n\n\n\n<p>\u2013 Cookies de personalizaci\u00f3n: Son aqu\u00e9llas que permiten al usuario acceder al servicio con algunas caracter\u00edsticas de car\u00e1cter general predefinidas en funci\u00f3n de una serie de criterios en el terminal del usuario como por ejemplo serian el idioma, el tipo de navegador a trav\u00e9s del cual accede al servicio, la configuraci\u00f3n regional desde donde accede al servicio, etc.<\/p>\n\n\n\n<p>\u2013 Cookies de an\u00e1lisis: Son aqu\u00e9llas que bien tratadas por nosotros o por terceros, nos permiten cuantificar el n\u00famero de usuarios y as\u00ed realizar la medici\u00f3n y an\u00e1lisis estad\u00edstico de la utilizaci\u00f3n que hacen los usuarios del servicio ofertado. Para ello se analiza su navegaci\u00f3n en nuestra p\u00e1gina web con el fin de mejorar la oferta de productos o servicios que le ofrecemos.<\/p>\n\n\n\n<p>\u2013 Cookies publicitarias: Son aqu\u00e9llas que, bien tratadas por nosotros o por terceros, nos permiten gestionar de la forma m\u00e1s eficaz posible la oferta de los espacios publicitarios que hay en la p\u00e1gina web, adecuando el contenido del anuncio al contenido del servicio solicitado o al uso que realice de nuestra p\u00e1gina web. Para ello podemos analizar sus h\u00e1bitos de navegaci\u00f3n en Internet y podemos mostrarle publicidad relacionada con su perfil de navegaci\u00f3n.<\/p>\n\n\n\n<p>\u2013 Cookies de publicidad comportamental: Son aqu\u00e9llas que permiten la gesti\u00f3n, de la forma m\u00e1s eficaz posible, de los espacios publicitarios que, en su caso, el editor haya incluido en una p\u00e1gina web, aplicaci\u00f3n o plataforma desde la que presta el servicio solicitado. Estas cookies almacenan informaci\u00f3n del comportamiento de los usuarios obtenida a trav\u00e9s de la observaci\u00f3n continuada de sus h\u00e1bitos de navegaci\u00f3n, lo que permite desarrollar un perfil espec\u00edfico para mostrar publicidad en funci\u00f3n del mismo.<\/p>\n\n\n\n<p>\u2013 Cookies de terceros: La Web de <strong>DesideDatum Data Company SL <\/strong>puede utilizar servicios de terceros que, por cuenta de DesideDatum Data Company, recopilaran informaci\u00f3n con fines estad\u00edsticos, de uso del Site por parte del usuario y para la prestacion de otros servicios relacionados con la actividad del Website y otros servicios de Internet.<\/p>\n\n\n\n<p>En particular, este sitio Web utiliza Google Analytics, un servicio anal\u00edtico de web prestado por Google, Inc. con domicilio en los Estados Unidos con sede central en 1600 Amphitheatre Parkway, Mountain View, California 94043. Para la prestaci\u00f3n de estos servicios, estos utilizan cookies que recopilan la informaci\u00f3n, incluida la direcci\u00f3n IP del usuario, que ser\u00e1 transmitida, tratada y almacenada por Google en los t\u00e9rminos fijados en la Web Google.com. Incluyendo la posible transmisi\u00f3n de dicha informaci\u00f3n a terceros por razones de exigencia legal o cuando dichos terceros procesen la informaci\u00f3n por cuenta de Google.<br>El Usuario acepta expresamente, por la utilizaci\u00f3n de este Site, el tratamiento de la informaci\u00f3n recabada en la forma y con los fines anteriormente mencionados. Y asimismo reconoce conocer la posibilidad de rechazar el tratamiento de tales datos o informaci\u00f3n rechazando el uso de Cookies mediante la selecci\u00f3n de la configuraci\u00f3n apropiada a tal fin en su navegador. Si bien esta opci\u00f3n de bloqueo de Cookies en su navegador puede no permitirle el uso pleno de todas las funcionalidades del Website.<\/p>\n\n\n\n<p>Puede usted permitir, bloquear o eliminar las cookies instaladas en su equipo mediante la configuraci\u00f3n de las opciones del navegador instalado en su ordenador.<\/p>\n\n\n\n<p><strong>Si tiene dudas sobre esta pol\u00edtica de cookies, puede contactar con DesideDatum Data Company en info@desidedatum.com.<\/strong><\/p>\n\n\n\n<p><\/p>\n\n\n\n<h2 class=\"wp-block-heading\"><strong>Pol\u00edtica de Seguridad de la Informaci\u00f3n<\/strong><\/h2>\n\n\n\n<p><strong><a href=\"https:\/\/desidedatum.com\/wp-content\/uploads\/2025\/10\/20254_Politica-de-Seguridad-de-la-Informacion.pdf\">Consulta nuestra PSI \u2192<\/a><\/strong><\/p>\n\n\n\n<p><\/p>\n\n\n\n<h2 class=\"wp-block-heading\"><strong>Certificaci\u00f3n Esquema Nacional de Seguridad<\/strong><\/h2>\n\n\n\n<p class=\"Justificado\">OCA Instituto de Certificaci\u00f3n, S.L.U. certifica que, de acuerdo a la declaraci\u00f3n de aplicabilidad vigente, los sistemas de informaci\u00f3n rese\u00f1ados, todos ellos de categor\u00eda MEDIA y los servicios que se relacionan, de la organizaci\u00f3n DesideDatum Data Company S.L han sido auditados y encontrados conforme con las exigencias del Real Decreto 311\/2022 de 3 de mayo, por el que se regula el Esquema Nacional de Seguridad seg\u00fan se indica en el correspondiente informe de auditor\u00eda de 05\/12\/2024:<\/p>\n\n\n\n<figure class=\"wp-block-image alignleft size-large is-resized\"><a href=\"https:\/\/desidedatum.com\/wp-content\/uploads\/2025\/01\/34-5704-24-12426_Desidedatum-Data-Company_CAST-ENG.pdf\"><img data-dominant-color=\"bfc8d3\" data-has-transparency=\"false\" loading=\"lazy\" decoding=\"async\" width=\"1579\" height=\"1920\" src=\"https:\/\/desidedatum.com\/wp-content\/uploads\/2025\/07\/imagen-3-4-1579x1920.png\" alt=\"\" class=\"not-transparent wp-image-2025\" style=\"--dominant-color: #bfc8d3; width:229px;height:auto\" srcset=\"https:\/\/desidedatum.com\/wp-content\/uploads\/2025\/07\/imagen-3-4-1579x1920.png 1579w, https:\/\/desidedatum.com\/wp-content\/uploads\/2025\/07\/imagen-3-4-1052x1280.png 1052w, https:\/\/desidedatum.com\/wp-content\/uploads\/2025\/07\/imagen-3-4-768x934.png 768w, https:\/\/desidedatum.com\/wp-content\/uploads\/2025\/07\/imagen-3-4-1263x1536.png 1263w, https:\/\/desidedatum.com\/wp-content\/uploads\/2025\/07\/imagen-3-4-1684x2048.png 1684w, https:\/\/desidedatum.com\/wp-content\/uploads\/2025\/07\/imagen-3-4.png 1850w\" sizes=\"auto, (max-width: 1579px) 100vw, 1579px\" \/><\/a><\/figure>\n\n\n\n<p><\/p>\n","protected":false},"excerpt":{"rendered":"<p>T\u00e9rminos de uso Los contenidos de la p\u00e1gina web de DesideDatum Data Company SL han sido elaborados con el prop\u00f3sito de dar informaci\u00f3n sobre la compa\u00f1\u00eda a los usuarios de la misma. Por ello, la informaci\u00f3n relativa a los productos para su comercializaci\u00f3n, as\u00ed como la relativa a \u00e1reas de negocio, financiera, dirigida a accionistas&nbsp; <a href=\"https:\/\/desidedatum.com\/ca\/politica-de-privacitat\/\">&hellip; Read more <i class=\"glyphicon glyphicon-arrow-right\"><\/i><\/a><\/p>\n","protected":false},"author":1,"featured_media":0,"parent":0,"menu_order":99,"comment_status":"closed","ping_status":"closed","template":"","meta":{"om_disable_all_campaigns":false,"inline_featured_image":false,"_monsterinsights_skip_tracking":false,"_monsterinsights_sitenote_active":false,"_monsterinsights_sitenote_note":"","_monsterinsights_sitenote_category":0,"footnotes":""},"class_list":["post-736","page","type-page","status-publish","hentry"],"acf":[],"aioseo_notices":[],"yoast_head":"<!-- This site is optimized with the Yoast SEO plugin v20.2.1 - https:\/\/yoast.com\/wordpress\/plugins\/seo\/ -->\n<title>Av\u00eds legal - DesideDatum<\/title>\n<meta name=\"robots\" content=\"index, follow, max-snippet:-1, max-image-preview:large, max-video-preview:-1\" \/>\n<link rel=\"canonical\" href=\"https:\/\/desidedatum.com\/ca\/politica-de-privacitat\/\" \/>\n<meta property=\"og:locale\" content=\"ca_ES\" \/>\n<meta property=\"og:type\" content=\"article\" \/>\n<meta property=\"og:title\" content=\"Av\u00eds legal - DesideDatum\" \/>\n<meta property=\"og:description\" content=\"T\u00e9rminos de uso Los contenidos de la p\u00e1gina web de DesideDatum Data Company SL han sido elaborados con el prop\u00f3sito de dar informaci\u00f3n sobre la compa\u00f1\u00eda a los usuarios de la misma. Por ello, la informaci\u00f3n relativa a los productos para su comercializaci\u00f3n, as\u00ed como la relativa a \u00e1reas de negocio, financiera, dirigida a accionistas&nbsp; &hellip; Read more\" \/>\n<meta property=\"og:url\" content=\"https:\/\/desidedatum.com\/ca\/politica-de-privacitat\/\" \/>\n<meta property=\"og:site_name\" content=\"DesideDatum\" \/>\n<meta property=\"article:modified_time\" content=\"2025-10-13T13:27:04+00:00\" \/>\n<meta property=\"og:image\" content=\"https:\/\/desidedatum.com\/wp-content\/uploads\/2025\/07\/imagen-3-4-1579x1920.png\" \/>\n<meta name=\"twitter:card\" content=\"summary_large_image\" \/>\n<meta name=\"twitter:site\" content=\"@desidedatum\" \/>\n<meta name=\"twitter:label1\" content=\"Temps estimat de lectura\" \/>\n\t<meta name=\"twitter:data1\" content=\"6 minuts\" \/>\n<script type=\"application\/ld+json\" class=\"yoast-schema-graph\">{\"@context\":\"https:\/\/schema.org\",\"@graph\":[{\"@type\":\"WebPage\",\"@id\":\"https:\/\/desidedatum.com\/ca\/politica-de-privacitat\/\",\"url\":\"https:\/\/desidedatum.com\/ca\/politica-de-privacitat\/\",\"name\":\"Av\u00eds legal - DesideDatum\",\"isPartOf\":{\"@id\":\"https:\/\/desidedatum.com\/#website\"},\"datePublished\":\"2022-12-05T08:32:11+00:00\",\"dateModified\":\"2025-10-13T13:27:04+00:00\",\"inLanguage\":\"ca\",\"potentialAction\":[{\"@type\":\"ReadAction\",\"target\":[\"https:\/\/desidedatum.com\/ca\/politica-de-privacitat\/\"]}]},{\"@type\":\"WebSite\",\"@id\":\"https:\/\/desidedatum.com\/#website\",\"url\":\"https:\/\/desidedatum.com\/\",\"name\":\"DesideDatum\",\"description\":\"\",\"potentialAction\":[{\"@type\":\"SearchAction\",\"target\":{\"@type\":\"EntryPoint\",\"urlTemplate\":\"https:\/\/desidedatum.com\/?s={search_term_string}\"},\"query-input\":\"required name=search_term_string\"}],\"inLanguage\":\"ca\"}]}<\/script>\n<!-- \/ Yoast SEO plugin. -->","yoast_head_json":{"title":"Av\u00eds legal - DesideDatum","robots":{"index":"index","follow":"follow","max-snippet":"max-snippet:-1","max-image-preview":"max-image-preview:large","max-video-preview":"max-video-preview:-1"},"canonical":"https:\/\/desidedatum.com\/ca\/politica-de-privacitat\/","og_locale":"ca_ES","og_type":"article","og_title":"Av\u00eds legal - DesideDatum","og_description":"T\u00e9rminos de uso Los contenidos de la p\u00e1gina web de DesideDatum Data Company SL han sido elaborados con el prop\u00f3sito de dar informaci\u00f3n sobre la compa\u00f1\u00eda a los usuarios de la misma. Por ello, la informaci\u00f3n relativa a los productos para su comercializaci\u00f3n, as\u00ed como la relativa a \u00e1reas de negocio, financiera, dirigida a accionistas&nbsp; &hellip; Read more","og_url":"https:\/\/desidedatum.com\/ca\/politica-de-privacitat\/","og_site_name":"DesideDatum","article_modified_time":"2025-10-13T13:27:04+00:00","og_image":[{"url":"https:\/\/desidedatum.com\/wp-content\/uploads\/2025\/07\/imagen-3-4-1579x1920.png"}],"twitter_card":"summary_large_image","twitter_site":"@desidedatum","twitter_misc":{"Temps estimat de lectura":"6 minuts"},"schema":{"@context":"https:\/\/schema.org","@graph":[{"@type":"WebPage","@id":"https:\/\/desidedatum.com\/ca\/politica-de-privacitat\/","url":"https:\/\/desidedatum.com\/ca\/politica-de-privacitat\/","name":"Av\u00eds legal - DesideDatum","isPartOf":{"@id":"https:\/\/desidedatum.com\/#website"},"datePublished":"2022-12-05T08:32:11+00:00","dateModified":"2025-10-13T13:27:04+00:00","inLanguage":"ca","potentialAction":[{"@type":"ReadAction","target":["https:\/\/desidedatum.com\/ca\/politica-de-privacitat\/"]}]},{"@type":"WebSite","@id":"https:\/\/desidedatum.com\/#website","url":"https:\/\/desidedatum.com\/","name":"DesideDatum","description":"","potentialAction":[{"@type":"SearchAction","target":{"@type":"EntryPoint","urlTemplate":"https:\/\/desidedatum.com\/?s={search_term_string}"},"query-input":"required name=search_term_string"}],"inLanguage":"ca"}]}},"_links":{"self":[{"href":"https:\/\/desidedatum.com\/ca\/wp-json\/wp\/v2\/pages\/736","targetHints":{"allow":["GET"]}}],"collection":[{"href":"https:\/\/desidedatum.com\/ca\/wp-json\/wp\/v2\/pages"}],"about":[{"href":"https:\/\/desidedatum.com\/ca\/wp-json\/wp\/v2\/types\/page"}],"author":[{"embeddable":true,"href":"https:\/\/desidedatum.com\/ca\/wp-json\/wp\/v2\/users\/1"}],"replies":[{"embeddable":true,"href":"https:\/\/desidedatum.com\/ca\/wp-json\/wp\/v2\/comments?post=736"}],"version-history":[{"count":13,"href":"https:\/\/desidedatum.com\/ca\/wp-json\/wp\/v2\/pages\/736\/revisions"}],"predecessor-version":[{"id":2188,"href":"https:\/\/desidedatum.com\/ca\/wp-json\/wp\/v2\/pages\/736\/revisions\/2188"}],"wp:attachment":[{"href":"https:\/\/desidedatum.com\/ca\/wp-json\/wp\/v2\/media?parent=736"}],"curies":[{"name":"wp","href":"https:\/\/api.w.org\/{rel}","templated":true}]}}